{"id":4,"date":"2026-04-11T19:55:50","date_gmt":"2026-04-11T19:55:50","guid":{"rendered":"http:\/\/reiterverein-heilbronn.com\/?page_id=4"},"modified":"2026-04-11T19:55:51","modified_gmt":"2026-04-11T19:55:51","slug":"impressum-2","status":"publish","type":"page","link":"https:\/\/reiterverein-heilbronn.com\/?page_id=4","title":{"rendered":"Impressum"},"content":{"rendered":"\n<h2 class=\"wp-block-heading\"><\/h2>\n\n\n\n<h1 class=\"wp-block-heading\"><\/h1>\n\n\n\n<p>Reiterverein Heilbronn e.V.<br>Gesch\u00e4ftsstelle<br>Im Sternberg 5<br>74074 Heilbronn<\/p>\n\n\n\n<p><br> E-Mail: Reiterverein-Heilbronn@t-online.de<br> Internet: http:\/\/www.rv-heilbronn.de<\/p>\n\n\n\n<p>Eingetragen im Vereinsregister Amtsgericht Heilbronn<\/p>\n\n\n\n<p>1. Vorsitzende: Daniela Schramm<\/p>\n\n\n\n<h1 class=\"wp-block-heading\">Haftungshinweis:<\/h1>\n\n\n\n<p>Trotz \nsorgf\u00e4ltiger inhaltlicher Kontrolle \u00fcbernehmen wir keine Haftung f\u00fcr die\n Inhalte externer Links. F\u00fcr den Inhalt der verlinkten Seiten sind \nausschlie\u00dflich deren Betreiber verantwortlich.<\/p>\n\n\n\n<p>Alle \nInhalte dieser Seiten sind weltweit gesch\u00fctzt. Jegliche Reproduktion \noder Wiedergabe jedweder Art sind onhe die vorherige Genehmigung des \nAuthors strikt verboten. Sollten Sie Arbeiten von mir sehen, die \nwiderrechtlich ver\u00f6ffentlicht wurden kontaktieren Sie mich bitte!<\/p>\n\n\n\n<h3 class=\"wp-block-heading\">1. Inhalt des Onlineangebotes<\/h3>\n\n\n\n<p>Der Autor \n\u00fcbernimmt keinerlei Gew\u00e4hr f\u00fcr die Aktualit\u00e4t, Korrektheit, \nVollst\u00e4ndigkeit oder Qualit\u00e4t der bereitgestellten Informationen. \nHaftungsanspr\u00fcche gegen den Autor, welche sich auf Sch\u00e4den materieller \noder ideeller Art beziehen, die durch die Nutzung oder Nichtnutzung der \ndargebotenen Informationen bzw. durch die Nutzung fehlerhafter und \nunvollst\u00e4ndiger Informationen verursacht wurden sind grunds\u00e4tzlich \nausgeschlossen, sofern seitens des Autors kein nachweislich \nvors\u00e4tzliches oder grob fahrl\u00e4ssiges Verschulden vorliegt.<br>\nAlle Angebote sind freibleibend und unverbindlich. Der Autor beh\u00e4lt es \nsich ausdr\u00fccklich vor, Teile der Seiten oder das gesamte Angebot ohne \ngesonderte Ank\u00fcndigung zu ver\u00e4ndern, zu erg\u00e4nzen, zu l\u00f6schen oder die \nVer\u00f6ffentlichung zeitweise oder endg\u00fcltig einzustellen.<\/p>\n\n\n\n<h3 class=\"wp-block-heading\">2. Verweise und Links<\/h3>\n\n\n\n<p>Bei \ndirekten oder indirekten Verweisen auf fremde Internetseiten (\u201cLinks\u201d), \ndie au\u00dferhalb des Verantwortungsbereiches des Autors liegen, w\u00fcrde eine \nHaftungsverpflichtung ausschlie\u00dflich in dem Fall in Kraft treten, in dem\n der Autor von den Inhalten Kenntnis hat und es ihm technisch m\u00f6glich \nund zumutbar w\u00e4re, die Nutzung im Falle rechtswidriger Inhalte zu \nverhindern.<br>\nDer Autor erkl\u00e4rt hiermit ausdr\u00fccklich, dass zum Zeitpunkt der \nLinksetzung die entsprechenden verlinkten Seiten frei von illegalen \nInhalten waren. Auf die aktuelle und zuk\u00fcnftige Gestaltung, die Inhalte \noder die Urheberschaft der gelinkten\/verkn\u00fcpften Seiten hat der Autor \nkeinerlei Einfluss. Deshalb distanziert er sich hiermit ausdr\u00fccklich von\n allen Inhalten aller gelinkten \/verkn\u00fcpften Seiten, die nach der \nLinksetzung ver\u00e4ndert wurden. Diese Feststellung gilt f\u00fcr alle innerhalb\n des eigenen Internetangebotes gesetzten Links und Verweise sowie f\u00fcr \nFremdeintr\u00e4ge in vom Autor eingerichteten G\u00e4steb\u00fcchern, Diskussionsforen\n und Mailinglisten. F\u00fcr illegale, fehlerhafte oder unvollst\u00e4ndige \nInhalte und insbesondere f\u00fcr Sch\u00e4den, die aus der Nutzung oder \nNichtnutzung solcherart dargebotener Informationen entstehen, haftet \nallein der Anbieter der Seite, auf welche verwiesen wurde, nicht \nderjenige, der \u00fcber Links auf die jeweilige Ver\u00f6ffentlichung lediglich \nverweist.<\/p>\n\n\n\n<h3 class=\"wp-block-heading\">3. Urheber- und Kennzeichenrecht<\/h3>\n\n\n\n<p>Der Autor \nist bestrebt, in allen Publikationen die Urheberrechte der verwendeten \nGrafiken, Tondokumente, Videosequenzen und Texte zu beachten, von ihm \nselbst erstellte Grafiken, Tondokumente, Videosequenzen und Texte zu \nnutzen oder auf lizenzfreie Grafiken, Tondokumente, Videosequenzen und \nTexte zur\u00fcckzugreifen.<br>\nAlle innerhalb des Internetangebotes genannten und ggf. durch Dritte \ngesch\u00fctzten Marken- und Warenzeichen unterliegen uneingeschr\u00e4nkt den \nBestimmungen des jeweils g\u00fcltigen Kennzeichenrechts und den \nBesitzrechten der jeweiligen eingetragenen Eigent\u00fcmer. Allein aufgrund \nder blo\u00dfen Nennung ist nicht der Schluss zu ziehen, dass Markenzeichen \nnicht durch Rechte Dritter gesch\u00fctzt sind!<br>\nDas Copyright f\u00fcr ver\u00f6ffentlichte, vom Autor selbst erstellte Objekte \nbleibt allein beim Autor der Seiten. Eine Vervielf\u00e4ltigung oder \nVerwendung solcher Grafiken, Tondokumente, Videosequenzen und Texte in \nanderen elektronischen oder gedruckten Publikationen ist ohne \nausdr\u00fcckliche Zustimmung des Autors nicht gestattet.<\/p>\n\n\n\n<h3 class=\"wp-block-heading\">4. Datenschutz<\/h3>\n\n\n\n<p>Sofern \ninnerhalb des Internetangebotes die M\u00f6glichkeit zur Eingabe pers\u00f6nlicher\n oder gesch\u00e4ftlicher Daten (Emailadressen, Namen, Anschriften) besteht, \nso erfolgt die Preisgabe dieser Daten seitens des Nutzers auf \nausdr\u00fccklich freiwilliger Basis. Die Inanspruchnahme und Bezahlung aller\n angebotenen Dienste ist \u2013 soweit technisch m\u00f6glich und zumutbar \u2013 auch \nohne Angabe solcher Daten bzw. unter Angabe anonymisierter Daten oder \neines Pseudonyms gestattet. Kundenbezogene Daten werden ausschlie\u00dflich \nf\u00fcr die eigene Kundenpflege (Zusendung von Informationen) verwendet. Die\n Weitergabe an Dritte ist Ausgeschlossen. Der Kunde stimmt der \nVerwendung seiner Daten in diesem Sinne zu.<\/p>\n\n\n\n<h3 class=\"wp-block-heading\">5. Rechtswirksamkeit dieses Haftungsausschlusses<\/h3>\n\n\n\n<p>Dieser \nHaftungsausschluss ist als Teil des Internetangebotes zu betrachten, von\n dem aus auf diese Seite verwiesen wurde. Sofern Teile oder einzelne \nFormulierungen dieses Textes der geltenden Rechtslage nicht, nicht mehr \noder nicht vollst\u00e4ndig entsprechen sollten, bleiben die \u00fcbrigen Teile \ndes Dokumentes in ihrem Inhalt und ihrer G\u00fcltigkeit davon unber\u00fchrt.<\/p>\n","protected":false},"excerpt":{"rendered":"<p>Reiterverein Heilbronn e.V.Gesch\u00e4ftsstelleIm Sternberg 574074 Heilbronn E-Mail: Reiterverein-Heilbronn@t-online.de Internet: http:\/\/www.rv-heilbronn.de Eingetragen im Vereinsregister Amtsgericht Heilbronn 1. Vorsitzende: Daniela Schramm Haftungshinweis:<\/p>\n","protected":false},"author":1,"featured_media":0,"parent":0,"menu_order":0,"comment_status":"closed","ping_status":"closed","template":"","meta":[],"_links":{"self":[{"href":"https:\/\/reiterverein-heilbronn.com\/index.php?rest_route=\/wp\/v2\/pages\/4"}],"collection":[{"href":"https:\/\/reiterverein-heilbronn.com\/index.php?rest_route=\/wp\/v2\/pages"}],"about":[{"href":"https:\/\/reiterverein-heilbronn.com\/index.php?rest_route=\/wp\/v2\/types\/page"}],"author":[{"embeddable":true,"href":"https:\/\/reiterverein-heilbronn.com\/index.php?rest_route=\/wp\/v2\/users\/1"}],"replies":[{"embeddable":true,"href":"https:\/\/reiterverein-heilbronn.com\/index.php?rest_route=%2Fwp%2Fv2%2Fcomments&post=4"}],"version-history":[{"count":3,"href":"https:\/\/reiterverein-heilbronn.com\/index.php?rest_route=\/wp\/v2\/pages\/4\/revisions"}],"predecessor-version":[{"id":2336,"href":"https:\/\/reiterverein-heilbronn.com\/index.php?rest_route=\/wp\/v2\/pages\/4\/revisions\/2336"}],"wp:attachment":[{"href":"https:\/\/reiterverein-heilbronn.com\/index.php?rest_route=%2Fwp%2Fv2%2Fmedia&parent=4"}],"curies":[{"name":"wp","href":"https:\/\/api.w.org\/{rel}","templated":true}]}}