{"id":48,"date":"2019-08-29T19:02:12","date_gmt":"2019-08-29T19:02:12","guid":{"rendered":"http:\/\/reiterverein-heilbronn.com\/?page_id=48"},"modified":"2023-05-12T07:31:45","modified_gmt":"2023-05-12T07:31:45","slug":"impressum","status":"publish","type":"page","link":"https:\/\/reiterverein-heilbronn.com\/?page_id=48","title":{"rendered":"Impressum"},"content":{"rendered":"\n<p>Reiterverein\nHeilbronn e.V.<\/p>\n\n\n\n<p>Gesch\u00e4ftsstelle<\/p>\n\n\n\n<p>Im\nSternberg 5<\/p>\n\n\n\n<p>74074\nHeilbronn<\/p>\n\n\n\n<p>Telefon: 07131 3945484 (derzeit nicht besetzt &#8211; Anfragen bitte per E-Mail)<\/p>\n\n\n\n<p>E-Mail:\nreiterverein-heilbronn@t-online.de<\/p>\n\n\n\n<p>Internet:\nhttp:\/\/www.rv-heilbronn.de<\/p>\n\n\n\n<p>Eingetragen\nim Vereinsregister Amtsgericht Heilbronn<\/p>\n\n\n\n<p>1. Vorsitzende: Daniela Schramm<\/p>\n\n\n\n<p>Haftungshinweis:<\/p>\n\n\n\n<p>Trotz\nsorgf\u00e4ltiger inhaltlicher Kontrolle \u00fcbernehmen wir keine Haftung f\u00fcr die\nInhalte externer Links. F\u00fcr den Inhalt der verlinkten Seiten sind ausschlie\u00dflich\nderen Betreiber verantwortlich.<\/p>\n\n\n\n<p>Alle\nInhalte dieser Seiten sind weltweit gesch\u00fctzt. Jegliche Reproduktion oder\nWiedergabe jedweder Art sind onhe die vorherige Genehmigung des Authors strikt\nverboten. Sollten Sie Arbeiten von mir sehen, die widerrechtlich ver\u00f6ffentlicht\nwurden kontaktieren Sie mich bitte!<\/p>\n\n\n\n<p>1.\nInhalt des Onlineangebotes<\/p>\n\n\n\n<p>Der\nAutor \u00fcbernimmt keinerlei Gew\u00e4hr f\u00fcr die Aktualit\u00e4t, Korrektheit, Vollst\u00e4ndigkeit\noder Qualit\u00e4t der bereitgestellten Informationen. Haftungsanspr\u00fcche gegen den\nAutor, welche sich auf Sch\u00e4den materieller oder ideeller Art beziehen, die\ndurch die Nutzung oder Nichtnutzung der dargebotenen Informationen bzw. durch\ndie Nutzung fehlerhafter und unvollst\u00e4ndiger Informationen verursacht wurden\nsind grunds\u00e4tzlich ausgeschlossen, sofern seitens des Autors kein nachweislich\nvors\u00e4tzliches oder grob fahrl\u00e4ssiges Verschulden vorliegt.<\/p>\n\n\n\n<p>Alle\nAngebote sind freibleibend und unverbindlich. Der Autor beh\u00e4lt es sich ausdr\u00fccklich\nvor, Teile der Seiten oder das gesamte Angebot ohne gesonderte Ank\u00fcndigung zu\nver\u00e4ndern, zu erg\u00e4nzen, zu l\u00f6schen oder die Ver\u00f6ffentlichung\nzeitweise oder endg\u00fcltig einzustellen.<\/p>\n\n\n\n<p>2.\nVerweise und Links<\/p>\n\n\n\n<p>Bei\ndirekten oder indirekten Verweisen auf fremde Internetseiten (\u201cLinks\u201d), die au\u00dferhalb\ndes Verantwortungsbereiches des Autors liegen, w\u00fcrde eine Haftungsverpflichtung\nausschlie\u00dflich in dem Fall in Kraft treten, in dem der Autor von den Inhalten\nKenntnis hat und es ihm technisch m\u00f6glich und zumutbar w\u00e4re,\ndie Nutzung im Falle rechtswidriger Inhalte zu verhindern.<\/p>\n\n\n\n<p>Der\nAutor erkl\u00e4rt hiermit ausdr\u00fccklich, dass zum Zeitpunkt der Linksetzung die\nentsprechenden verlinkten Seiten frei von illegalen Inhalten waren. Auf die\naktuelle und zuk\u00fcnftige Gestaltung, die Inhalte oder die Urheberschaft der\ngelinkten\/verkn\u00fcpften Seiten hat der Autor keinerlei Einfluss. Deshalb\ndistanziert er sich hiermit ausdr\u00fccklich von allen Inhalten aller gelinkten\n\/verkn\u00fcpften Seiten, die nach der Linksetzung ver\u00e4ndert wurden. Diese\nFeststellung gilt f\u00fcr alle innerhalb des eigenen Internetangebotes gesetzten\nLinks und Verweise sowie f\u00fcr Fremdeintr\u00e4ge in vom Autor eingerichteten G\u00e4steb\u00fcchern,\nDiskussionsforen und Mailinglisten. F\u00fcr illegale, fehlerhafte oder unvollst\u00e4ndige\nInhalte und insbesondere f\u00fcr Sch\u00e4den, die aus der Nutzung oder Nichtnutzung\nsolcherart dargebotener Informationen entstehen, haftet allein der Anbieter der\nSeite, auf welche verwiesen wurde, nicht derjenige, der \u00fcber Links auf die\njeweilige Ver\u00f6ffentlichung\nlediglich verweist.<\/p>\n\n\n\n<p>3.\nUrheber- und Kennzeichenrecht<\/p>\n\n\n\n<p>Der\nAutor ist bestrebt, in allen Publikationen die Urheberrechte der verwendeten Grafiken,\nTondokumente, Videosequenzen und Texte zu beachten, von ihm selbst erstellte\nGrafiken, Tondokumente, Videosequenzen und Texte zu nutzen oder auf lizenzfreie\nGrafiken, Tondokumente, Videosequenzen und Texte zur\u00fcckzugreifen.<\/p>\n\n\n\n<p>Alle\ninnerhalb des Internetangebotes genannten und ggf. durch Dritte gesch\u00fctzten\nMarken- und Warenzeichen unterliegen uneingeschr\u00e4nkt den Bestimmungen des\njeweils g\u00fcltigen Kennzeichenrechts und den Besitzrechten der jeweiligen\neingetragenen Eigent\u00fcmer. Allein aufgrund der blo\u00dfen Nennung ist nicht der\nSchluss zu ziehen, dass Markenzeichen nicht durch Rechte Dritter gesch\u00fctzt\nsind!<\/p>\n\n\n\n<p>Das Copyright f\u00fcr ver\u00f6ffentlichte, vom Autor\nselbst erstellte Objekte bleibt allein beim Autor der Seiten. Eine Vervielf\u00e4ltigung\noder Verwendung solcher Grafiken, Tondokumente, Videosequenzen und Texte in\nanderen elektronischen oder gedruckten Publikationen ist ohne ausdr\u00fcckliche\nZustimmung des Autors nicht gestattet.<\/p>\n\n\n\n<p>4.\nDatenschutz<\/p>\n\n\n\n<p>Sofern\ninnerhalb des Internetangebotes die M\u00f6glichkeit zur Eingabe pers\u00f6nlicher\noder gesch\u00e4ftlicher Daten (Emailadressen, Namen, Anschriften) besteht, so\nerfolgt die Preisgabe dieser Daten seitens des Nutzers auf ausdr\u00fccklich\nfreiwilliger Basis. Die Inanspruchnahme und Bezahlung aller angebotenen Dienste\nist \u2013 soweit technisch m\u00f6glich und zumutbar \u2013 auch\nohne Angabe solcher Daten bzw. unter Angabe anonymisierter Daten oder eines\nPseudonyms gestattet. Kundenbezogene Daten werden ausschlie\u00dflich f\u00fcr die eigene\nKundenpflege (Zusendung von Informationen) verwendet. Die Weitergabe an Dritte\nist Ausgeschlossen. Der Kunde stimmt der Verwendung seiner Daten in diesem\nSinne zu.<\/p>\n\n\n\n<p>5.\nRechtswirksamkeit dieses Haftungsausschlusses<\/p>\n\n\n\n<p>Dieser\nHaftungsausschluss ist als Teil des Internetangebotes zu betrachten, von dem\naus auf diese Seite verwiesen wurde. Sofern Teile oder einzelne Formulierungen\ndieses Textes der geltenden Rechtslage nicht, nicht mehr oder nicht vollst\u00e4ndig\nentsprechen sollten, bleiben die \u00fcbrigen Teile des Dokumentes in ihrem Inhalt\nund ihrer G\u00fcltigkeit davon unber\u00fchrt.<\/p>\n","protected":false},"excerpt":{"rendered":"<p>Reiterverein Heilbronn e.V. Gesch\u00e4ftsstelle Im Sternberg 5 74074 Heilbronn Telefon: 07131 3945484 (derzeit nicht besetzt &#8211; Anfragen bitte per E-Mail)<\/p>\n","protected":false},"author":1,"featured_media":0,"parent":0,"menu_order":0,"comment_status":"closed","ping_status":"closed","template":"","meta":[],"_links":{"self":[{"href":"https:\/\/reiterverein-heilbronn.com\/index.php?rest_route=\/wp\/v2\/pages\/48"}],"collection":[{"href":"https:\/\/reiterverein-heilbronn.com\/index.php?rest_route=\/wp\/v2\/pages"}],"about":[{"href":"https:\/\/reiterverein-heilbronn.com\/index.php?rest_route=\/wp\/v2\/types\/page"}],"author":[{"embeddable":true,"href":"https:\/\/reiterverein-heilbronn.com\/index.php?rest_route=\/wp\/v2\/users\/1"}],"replies":[{"embeddable":true,"href":"https:\/\/reiterverein-heilbronn.com\/index.php?rest_route=%2Fwp%2Fv2%2Fcomments&post=48"}],"version-history":[{"count":5,"href":"https:\/\/reiterverein-heilbronn.com\/index.php?rest_route=\/wp\/v2\/pages\/48\/revisions"}],"predecessor-version":[{"id":1272,"href":"https:\/\/reiterverein-heilbronn.com\/index.php?rest_route=\/wp\/v2\/pages\/48\/revisions\/1272"}],"wp:attachment":[{"href":"https:\/\/reiterverein-heilbronn.com\/index.php?rest_route=%2Fwp%2Fv2%2Fmedia&parent=48"}],"curies":[{"name":"wp","href":"https:\/\/api.w.org\/{rel}","templated":true}]}}